{"id":28574,"date":"2023-08-24T09:44:41","date_gmt":"2023-08-24T07:44:41","guid":{"rendered":"https:\/\/www4.mosir-ketrzyn.pl\/?page_id=28574"},"modified":"2023-08-24T09:44:42","modified_gmt":"2023-08-24T07:44:42","slug":"czym-sa-cookies-ciasteczka","status":"publish","type":"page","link":"https:\/\/www.mosir-ketrzyn.pl\/index.php\/czym-sa-cookies-ciasteczka\/","title":{"rendered":"Czym s\u0105 cookies (ciasteczka)?"},"content":{"rendered":"\n<p><strong>To niewielkie pliki tekstowe, nazywane ciasteczkami (z ang. cookie \u2013 ciastko), wysy\u0142ane przez serwis internetowy, kt\u00f3ry odwiedzamy i zapisywane na urz\u0105dzeniu ko\u0144cowym (komputerze, laptopie, smartfonie), z kt\u00f3rego korzystamy podczas przegl\u0105dania stron internetowych.<\/strong><\/p>\n\n\n\n<p>W plikach \u201ecookies\u201d, sk\u0142adaj\u0105cych si\u0119 z szeregu liter i cyfr, znajduj\u0105 si\u0119 r\u00f3\u017cne informacje niezb\u0119dne do prawid\u0142owego funkcjonowania serwis\u00f3w internetowych, np. tych wymagaj\u0105cych autoryzacji \u2013 m.in. podczas logowania do konta pocztowego czy sklepu internetowego.<\/p>\n\n\n\n<p>Wszystkie dzia\u0142aj\u0105ce w internecie serwisy \u2013 wyszukiwarki, strony informacyjne, newsowe, sklepy internetowe, strony urz\u0119d\u00f3w pa\u0144stwowych i innych instytucji publicznych, mog\u0105 prawid\u0142owo dzia\u0142a\u0107 dzi\u0119ki wykorzystaniu plik\u00f3w \u201ecookies\u201d.<\/p>\n\n\n\n<p>Ciasteczka umo\u017cliwiaj\u0105 tak\u017ce m.in. zapami\u0119tanie naszych preferencji i personalizowanie stron internetowych w zakresie wy\u015bwietlanych tre\u015bci oraz dopasowania reklam. Dzi\u0119ki \u201ecookies\u201d mo\u017cliwe jest te\u017c rejestrowanie produkt\u00f3w i us\u0142ug czy g\u0142osowanie w internetowych ankietach.<\/p>\n\n\n\n<p>Dane osobowe gromadzone przy u\u017cyciu plik\u00f3w \u201ecookies\u201d mog\u0105 by\u0107 zbierane wy\u0142\u0105cznie w celu wykonywania okre\u015blonych funkcji na rzecz u\u017cytkownika, czyli np. zapami\u0119tania logowania do serwisu czy zapami\u0119tania towar\u00f3w dodanych do koszyka w sklepie internetowym. Takie dane s\u0105 zaszyfrowane w spos\u00f3b uniemo\u017cliwiaj\u0105cy dost\u0119p do nich osobom nieuprawnionym.<\/p>\n","protected":false},"excerpt":{"rendered":"<p>To niewielkie pliki tekstowe, nazywane ciasteczkami (z ang. cookie \u2013 ciastko), wysy\u0142ane przez serwis internetowy, kt\u00f3ry odwiedzamy i zapisywane na urz\u0105dzeniu ko\u0144cowym (komputerze, laptopie, smartfonie), z kt\u00f3rego korzystamy podczas przegl\u0105dania stron internetowych. W plikach \u201ecookies\u201d, sk\u0142adaj\u0105cych si\u0119 z szeregu liter i cyfr, znajduj\u0105 si\u0119 r\u00f3\u017cne informacje niezb\u0119dne do prawid\u0142owego funkcjonowania serwis\u00f3w internetowych, np. tych wymagaj\u0105cych&hellip;<\/p>\n","protected":false},"author":2,"featured_media":0,"parent":0,"menu_order":0,"comment_status":"closed","ping_status":"closed","template":"","meta":{"inline_featured_image":false,"ngg_post_thumbnail":0,"footnotes":""},"class_list":["post-28574","page","type-page","status-publish","hentry","description-off"],"_links":{"self":[{"href":"https:\/\/www.mosir-ketrzyn.pl\/index.php\/wp-json\/wp\/v2\/pages\/28574","targetHints":{"allow":["GET"]}}],"collection":[{"href":"https:\/\/www.mosir-ketrzyn.pl\/index.php\/wp-json\/wp\/v2\/pages"}],"about":[{"href":"https:\/\/www.mosir-ketrzyn.pl\/index.php\/wp-json\/wp\/v2\/types\/page"}],"author":[{"embeddable":true,"href":"https:\/\/www.mosir-ketrzyn.pl\/index.php\/wp-json\/wp\/v2\/users\/2"}],"replies":[{"embeddable":true,"href":"https:\/\/www.mosir-ketrzyn.pl\/index.php\/wp-json\/wp\/v2\/comments?post=28574"}],"version-history":[{"count":1,"href":"https:\/\/www.mosir-ketrzyn.pl\/index.php\/wp-json\/wp\/v2\/pages\/28574\/revisions"}],"predecessor-version":[{"id":28575,"href":"https:\/\/www.mosir-ketrzyn.pl\/index.php\/wp-json\/wp\/v2\/pages\/28574\/revisions\/28575"}],"wp:attachment":[{"href":"https:\/\/www.mosir-ketrzyn.pl\/index.php\/wp-json\/wp\/v2\/media?parent=28574"}],"curies":[{"name":"wp","href":"https:\/\/api.w.org\/{rel}","templated":true}]}}