{"id":28829,"date":"2023-09-04T10:44:24","date_gmt":"2023-09-04T08:44:24","guid":{"rendered":"https:\/\/www.mosir-ketrzyn.pl\/?page_id=28829"},"modified":"2025-01-14T12:24:45","modified_gmt":"2025-01-14T11:24:45","slug":"iod","status":"publish","type":"page","link":"https:\/\/www.mosir-ketrzyn.pl\/index.php\/iod\/","title":{"rendered":"Powiadomienie o danych kontaktowych Inspektora Ochrony Danych (IOD)"},"content":{"rendered":"\n<p>RODO przewiduje obowi\u0105zek publikowania danych kontaktowych inspektora ochrony danych. Osoby, kt\u00f3rych dane dotycz\u0105, zgodnie z art. 38 ust. 4 RODO, maj\u0105 mo\u017cliwo\u015b\u0107 skontaktowania si\u0119 z Inspektorem Ochrony Danych (IOD) we wszystkich sprawach zwi\u0105zanych z przetwarzaniem ich danych osobowych oraz z wykonywaniem praw przys\u0142uguj\u0105cych im na mocy niniejszego rozporz\u0105dzenia.<\/p>\n\n\n\n<p><strong>W zwi\u0105zku z powy\u017cszym, na stronie internetowej publikujemy dane kontaktowe inspektora ochrony danych, umo\u017cliwiaj\u0105ce kontakt z nim zainteresowanym.<\/strong><\/p>\n\n\n\n<p><strong>Inspektor Ochrony Danych: Rafa\u0142 Andrzejewski<br><\/strong>Dane do kontaktu :<br>e-mail: <a href=\"mailto: iod.r.andrzejewski@szkoleniaprawnicze.com.pl\"><a href=\"mailto:iod.r.andrzejewski@szkoleniaprawnicze.com.pl\">iod.r.andrzejewski@szkoleniaprawnicze.com.pl<\/a><\/a><br>tel.: +48 504 976 690<\/p>\n","protected":false},"excerpt":{"rendered":"<p>RODO przewiduje obowi\u0105zek publikowania danych kontaktowych inspektora ochrony danych. Osoby, kt\u00f3rych dane dotycz\u0105, zgodnie z art. 38 ust. 4 RODO, maj\u0105 mo\u017cliwo\u015b\u0107 skontaktowania si\u0119 z Inspektorem Ochrony Danych (IOD) we wszystkich sprawach zwi\u0105zanych z przetwarzaniem ich danych osobowych oraz z wykonywaniem praw przys\u0142uguj\u0105cych im na mocy niniejszego rozporz\u0105dzenia. W zwi\u0105zku z powy\u017cszym, na stronie internetowej&hellip;<\/p>\n","protected":false},"author":2,"featured_media":0,"parent":0,"menu_order":0,"comment_status":"closed","ping_status":"closed","template":"","meta":{"inline_featured_image":false,"ngg_post_thumbnail":0,"footnotes":""},"class_list":["post-28829","page","type-page","status-publish","hentry","description-off"],"_links":{"self":[{"href":"https:\/\/www.mosir-ketrzyn.pl\/index.php\/wp-json\/wp\/v2\/pages\/28829","targetHints":{"allow":["GET"]}}],"collection":[{"href":"https:\/\/www.mosir-ketrzyn.pl\/index.php\/wp-json\/wp\/v2\/pages"}],"about":[{"href":"https:\/\/www.mosir-ketrzyn.pl\/index.php\/wp-json\/wp\/v2\/types\/page"}],"author":[{"embeddable":true,"href":"https:\/\/www.mosir-ketrzyn.pl\/index.php\/wp-json\/wp\/v2\/users\/2"}],"replies":[{"embeddable":true,"href":"https:\/\/www.mosir-ketrzyn.pl\/index.php\/wp-json\/wp\/v2\/comments?post=28829"}],"version-history":[{"count":4,"href":"https:\/\/www.mosir-ketrzyn.pl\/index.php\/wp-json\/wp\/v2\/pages\/28829\/revisions"}],"predecessor-version":[{"id":36015,"href":"https:\/\/www.mosir-ketrzyn.pl\/index.php\/wp-json\/wp\/v2\/pages\/28829\/revisions\/36015"}],"wp:attachment":[{"href":"https:\/\/www.mosir-ketrzyn.pl\/index.php\/wp-json\/wp\/v2\/media?parent=28829"}],"curies":[{"name":"wp","href":"https:\/\/api.w.org\/{rel}","templated":true}]}}