{"id":28833,"date":"2023-09-04T10:45:56","date_gmt":"2023-09-04T08:45:56","guid":{"rendered":"https:\/\/www.mosir-ketrzyn.pl\/?page_id=28833"},"modified":"2025-10-30T07:36:18","modified_gmt":"2025-10-30T06:36:18","slug":"obowiazek-informacyjny","status":"publish","type":"page","link":"https:\/\/www.mosir-ketrzyn.pl\/index.php\/obowiazek-informacyjny\/","title":{"rendered":"Obowi\u0105zek informacyjny"},"content":{"rendered":"<div class=\"wpb-content-wrapper\"><p>[vc_row][vc_column][vc_column_text css=&#8221;&#8221;]<\/p>\r\n<p><strong>&nbsp;<a href=\"https:\/\/www.mosir-ketrzyn.pl\/wp-content\/uploads\/2025\/04\/MIEJSKI-OSRODEK-SPORTU-I-REKREACJI-RA.docx\">Obowi\u0105zek informacyjny<\/a><\/strong><\/p>\r\n<p>&nbsp;<a id=\"wp-block-file--media-be34e5d1-9117-49e5-a571-2804bb20bd99\" href=\"https:\/\/www.mosir-ketrzyn.pl\/wp-content\/uploads\/2025\/01\/Obowiazek-informacyjny-umowa-najmu-RA.docx\"><strong>Obowi\u0105zek informacyjny \u2013 umowa najmu<\/strong><\/a><\/p>\r\n<p>&nbsp;<a id=\"wp-block-file--media-5c667ee8-5321-448c-a4c4-d0c78e26bfd4\" href=\"https:\/\/www.mosir-ketrzyn.pl\/wp-content\/uploads\/2025\/01\/obowiazek-informacyjny-stazysci-i-praktykanci-RA.docx\"><strong>Obowi\u0105zek informacyjny \u2013 sta\u017cy\u015bci i praktykanci<\/strong><\/a><\/p>\r\n<p>&nbsp;<a id=\"wp-block-file--media-b822c930-5f69-4363-8f4f-7a760c8eac18\" href=\"https:\/\/www.mosir-ketrzyn.pl\/wp-content\/uploads\/2025\/01\/obowiazek-informacyjny-rekrutacja-RA.docx\"><strong>Obowi\u0105zek informacyjny \u2013 rekrutacja<\/strong><\/a><\/p>\r\n<p>&nbsp;<a id=\"wp-block-file--media-aa78c8c7-224a-48ac-b45c-0a4b95e75ad5\" href=\"https:\/\/www.mosir-ketrzyn.pl\/wp-content\/uploads\/2025\/01\/obowiazek-informacyjny-pracownik-RA.docx\"><strong>Obowi\u0105zek informacyjny \u2013 pracownik<\/strong><\/a><\/p>\r\n<p>&nbsp;<a id=\"wp-block-file--media-2c1187b6-212b-49a4-84c8-9f8c7e243c5f\" href=\"https:\/\/www.mosir-ketrzyn.pl\/wp-content\/uploads\/2025\/01\/obowiazek-informacyjny-monitoring-RA.docx\"><strong>Obowi\u0105zek informacyjny \u2013 monitoring<\/strong><\/a><\/p>\r\n<p>&nbsp;<a id=\"wp-block-file--media-96c9bc18-e775-41af-b5b7-23066f47d879\" href=\"https:\/\/www.mosir-ketrzyn.pl\/wp-content\/uploads\/2025\/01\/obowiazek-informacyjny-zamowienia-publiczne-ponizej-progow-RA.docx\"><strong>Obowi\u0105zek informacyjny \u2013 zam\u00f3wienia publiczne &#8211; poni\u017cej prog\u00f3w<\/strong><\/a><\/p>\r\n<p>&nbsp;<a id=\"wp-block-file--media-f83b2982-dafc-4361-aa1c-b78a328a6f10\" href=\"https:\/\/www.mosir-ketrzyn.pl\/wp-content\/uploads\/2025\/01\/obowiazek-informacyjny-zamowienia-publiczne-powyzej-progow-EM.docx\"><strong>Obowi\u0105zek informacyjny \u2013 zam\u00f3wienia publiczne &#8211; powy\u017cej prog\u00f3w<\/strong><\/a><\/p>\r\n<p>&nbsp;<a id=\"wp-block-file--media-0862c51a-6404-4760-92d6-a3dde3b284a7\" href=\"https:\/\/www.mosir-ketrzyn.pl\/wp-content\/uploads\/2025\/01\/obowiazek-informacyjny-reprezentacja-RA.docx\"><strong>Obowi\u0105zek informacyjny \u2013 reprezentacja<\/strong><\/a><\/p>\r\n<p>&nbsp;<a id=\"wp-block-file--media-a1f8029d-2ebe-41ea-9c11-eff8d14b50d0\" href=\"https:\/\/www.mosir-ketrzyn.pl\/wp-content\/uploads\/2025\/01\/obowiazek-informacyjny-uczestnik-PPK-RA.docx\"><strong>Obowi\u0105zek informacyjny \u2013 uczestnik PPK<\/strong><\/a><\/p>\r\n<p>&nbsp;<a id=\"wp-block-file--media-3e6158c5-6dc5-4904-b681-7c5b0edf77fe\" href=\"https:\/\/www.mosir-ketrzyn.pl\/wp-content\/uploads\/2025\/01\/obowiazek-informacyjny-ZFSS-RA.docx\"><strong>Obowi\u0105zek informacyjny \u2013 ZF\u015aS<\/strong><\/a><\/p>\r\n<p>&nbsp;<a id=\"wp-block-file--media-8dff9792-f5cc-4ad5-ba59-4be421fa6a40\" href=\"https:\/\/www.mosir-ketrzyn.pl\/wp-content\/uploads\/2025\/01\/obowiazek-informacyjny-o-zapewnienie-dostepnosci-RA.docx\"><strong>Obowi\u0105zek informacyjny o zapewnienie dost\u0119pno\u015bci<\/strong><\/a><\/p>\r\n<p>&nbsp;<a id=\"wp-block-file--media-20d5e8fd-11eb-4d04-a880-9faf43bbb4f2\" href=\"https:\/\/www.mosir-ketrzyn.pl\/wp-content\/uploads\/2025\/02\/Obwiazek-informacyjny-RODO-dla-administratora-skrzynki-do-doreczen-elektronicznych.pdf\"><strong>Obwi\u0105zek informacyjny RODO dla administratora skrzynki do dor\u0119cze\u0144&nbsp; elektronicznych<\/strong><\/a><\/p>\r\n<p> &nbsp;<a href=\"https:\/\/www.mosir-ketrzyn.pl\/wp-content\/uploads\/2025\/04\/Obwiazek-informacyjny-RODO-dla-nadawcow-odbiorcow.pdf\"><strong>Obwi\u0105zek informacyjny RODO dla nadawc\u00f3w\/odbiorc\u00f3w korespondencji wysy\u0142anej za po\u015brednictwem e-Dor\u0119cze\u0144<\/strong><\/a><\/p>\r\n\r\n<div>&nbsp;<a href=\"https:\/\/www.mosir-ketrzyn.pl\/wp-content\/uploads\/2025\/04\/klauzula-informacyjna-dotyczaca-przetwarzania-danych-osobowych.pdf\"><strong>Klauzula Informacyjna dotycz\u0105ca przetwarzania danych osobowych<\/strong><\/a><\/div>\r\n<p>&nbsp;<\/p>\r\n<p>[\/vc_column_text][\/vc_column][\/vc_row]<\/p><\/div>","protected":false},"excerpt":{"rendered":"<p>[vc_row][vc_column][vc_column_text css=&#8221;&#8221;] &nbsp;Obowi\u0105zek informacyjny \u2013 umowa najmu &nbsp;Obowi\u0105zek informacyjny \u2013 sta\u017cy\u015bci i praktykanci &nbsp;Obowi\u0105zek informacyjny \u2013 rekrutacja &nbsp;Obowi\u0105zek informacyjny \u2013 pracownik &nbsp;Obowi\u0105zek informacyjny \u2013 monitoring &nbsp;Obowi\u0105zek informacyjny \u2013 zam\u00f3wienia publiczne &#8211; poni\u017cej prog\u00f3w &nbsp;Obowi\u0105zek informacyjny \u2013 zam\u00f3wienia publiczne &#8211; powy\u017cej prog\u00f3w &nbsp;Obowi\u0105zek informacyjny \u2013 reprezentacja &nbsp;Obowi\u0105zek informacyjny \u2013 uczestnik PPK &nbsp;Obowi\u0105zek informacyjny \u2013 ZF\u015aS &nbsp;Obowi\u0105zek&hellip;<\/p>\n","protected":false},"author":2,"featured_media":0,"parent":0,"menu_order":0,"comment_status":"closed","ping_status":"closed","template":"","meta":{"inline_featured_image":false,"ngg_post_thumbnail":0,"footnotes":""},"class_list":["post-28833","page","type-page","status-publish","hentry","description-off"],"_links":{"self":[{"href":"https:\/\/www.mosir-ketrzyn.pl\/index.php\/wp-json\/wp\/v2\/pages\/28833","targetHints":{"allow":["GET"]}}],"collection":[{"href":"https:\/\/www.mosir-ketrzyn.pl\/index.php\/wp-json\/wp\/v2\/pages"}],"about":[{"href":"https:\/\/www.mosir-ketrzyn.pl\/index.php\/wp-json\/wp\/v2\/types\/page"}],"author":[{"embeddable":true,"href":"https:\/\/www.mosir-ketrzyn.pl\/index.php\/wp-json\/wp\/v2\/users\/2"}],"replies":[{"embeddable":true,"href":"https:\/\/www.mosir-ketrzyn.pl\/index.php\/wp-json\/wp\/v2\/comments?post=28833"}],"version-history":[{"count":30,"href":"https:\/\/www.mosir-ketrzyn.pl\/index.php\/wp-json\/wp\/v2\/pages\/28833\/revisions"}],"predecessor-version":[{"id":36544,"href":"https:\/\/www.mosir-ketrzyn.pl\/index.php\/wp-json\/wp\/v2\/pages\/28833\/revisions\/36544"}],"wp:attachment":[{"href":"https:\/\/www.mosir-ketrzyn.pl\/index.php\/wp-json\/wp\/v2\/media?parent=28833"}],"curies":[{"name":"wp","href":"https:\/\/api.w.org\/{rel}","templated":true}]}}