{"id":31506,"date":"2023-12-20T08:14:27","date_gmt":"2023-12-20T07:14:27","guid":{"rendered":"https:\/\/www.mosir-ketrzyn.pl\/?page_id=31506"},"modified":"2023-12-20T08:14:29","modified_gmt":"2023-12-20T07:14:29","slug":"cyberbezpieczenstwo","status":"publish","type":"page","link":"https:\/\/www.mosir-ketrzyn.pl\/index.php\/cyberbezpieczenstwo\/","title":{"rendered":"Cyberbezpiecze\u0144stwo"},"content":{"rendered":"\n<p><strong>Realizuj\u0105c zadania wynikaj\u0105ce z ustawy o krajowym systemie cyberbezpiecze\u0144stwa przekazujemy Pa\u0144stwu informacje pozwalaj\u0105ce na zrozumienie zagro\u017ce\u0144 wyst\u0119puj\u0105cych w cyberprzestrzeni oraz porady jak skuteczne stosowa\u0107 sposoby zabezpieczenia si\u0119 przed tymi zagro\u017ceniami.<\/strong><\/p>\n\n\n\n<p>Cyberbezpiecze\u0144stwo to \u201eodporno\u015b\u0107 system\u00f3w informacyjnych na dzia\u0142ania naruszaj\u0105ce poufno\u015b\u0107, integralno\u015b\u0107, dost\u0119pno\u015b\u0107 i autentyczno\u015b\u0107 przetwarzanych danych lub zwi\u0105zanych z nimi us\u0142ug oferowanych przez te systemy\u201d (art. 2 pkt 4 ustawy z dnia 5 lipca 2018 r. o krajowym systemie cyberbezpiecze\u0144stwa (Dz.U. z 2020 r. poz. 1369 z p\u00f3\u017an.zm)).<\/p>\n\n\n\n<p>Do najpopularniejszych zagro\u017ce\u0144 w cyberprzestrzeni nale\u017c\u0105:<\/p>\n\n\n\n<ul class=\"wp-block-list\">\n<li>ataki z u\u017cyciem szkodliwego oprogramowania (malware, wirusy, robaki, itp.<\/li>\n\n\n\n<li>kradzie\u017ce to\u017csamo\u015bci<\/li>\n\n\n\n<li>kradzie\u017ce (wy\u0142udzenia), fa\u0142szowanie b\u0105d\u017a niszczenie danych,<\/li>\n\n\n\n<li>blokowanie dost\u0119pu do us\u0142ug,<\/li>\n\n\n\n<li>spam (niechciane lub niepotrzebne wiadomo\u015bci elektroniczne),<\/li>\n\n\n\n<li>ataki socjotechniczne (np. phishing, czyli wy\u0142udzanie poufnych informacji\u00a0(np. danych do logowania) poprzez podszywanie si\u0119 pod instytucj\u0119 lub osob\u0119 godn\u0105 zaufania, np. urz\u0119dy, banki, portale spo\u0142eczno\u015bciowe, znajomych);<\/li>\n<\/ul>\n\n\n\n<p>&nbsp;Niekt\u00f3re sposoby zabezpieczenia si\u0119 przed zagro\u017ceniami:<\/p>\n\n\n\n<ul class=\"wp-block-list\">\n<li>U\u017cywaj tylko silnych, indywidualnych dla ka\u017cdego systemu hase\u0142 i nie udost\u0119pniaj ich nikomu.<\/li>\n\n\n\n<li>Zainstaluj i u\u017cywaj oprogramowania antywirusowe. Najlepiej stosuj ochron\u0119 w czasie rzeczywistym.<\/li>\n\n\n\n<li>Aktualizuj oprogramowanie antywirusowe oraz bazy danych wirus\u00f3w (dowiedz si\u0119 czy tw\u00f3j program do ochrony przed wirusami posiada tak\u0105 funkcj\u0119 i robi to automatycznie).<\/li>\n\n\n\n<li>Aktualizuj system operacyjny i aplikacje bez zb\u0119dnej zw\u0142oki.<\/li>\n\n\n\n<li>Nie otwieraj plik\u00f3w nieznanego pochodzenia.<\/li>\n\n\n\n<li>Nie korzystaj ze stron internetowych (zw\u0142aszcza ze stron bank\u00f3w, poczty elektronicznej czy portali spo\u0142eczno\u015bciowych), kt\u00f3re nie maj\u0105 wa\u017cnego certyfikatu, chyba, \u017ce masz stuprocentow\u0105 pewno\u015b\u0107 z innego \u017ar\u00f3d\u0142a, \u017ce strona taka jest bezpieczna.<\/li>\n\n\n\n<li>Nie u\u017cywaj niesprawdzonych program\u00f3w zabezpieczaj\u0105cych czy te\u017c do publikowania w\u0142asnych plik\u00f3w w Internecie (mog\u0105 one np. pod\u0142\u0105cza\u0107 niechciane linijki kodu do \u017ar\u00f3d\u0142a strony).<\/li>\n\n\n\n<li>Regularnie skanuj komputer i sprawdzaj procesy sieciowe \u2013 je\u015bli si\u0119 na tym nie znasz popro\u015b o sprawdzenie kogo\u015b, kto si\u0119 zna. Czasami z\u0142o\u015bliwe oprogramowanie nawi\u0105zuj\u0105ce w\u0142asne po\u0142\u0105czenia z Internetem, wysy\u0142aj\u0105ce twoje has\u0142a i inne prywatne dane do sieci mo\u017ce si\u0119 zainstalowa\u0107 na komputerze mimo dobrej ochrony \u2013 nale\u017cy je wykry\u0107 i zlikwidowa\u0107.<\/li>\n\n\n\n<li>Sprawdzaj pliki pobrane z Internetu za pomoc\u0105 programu antywirusowego.<\/li>\n\n\n\n<li>Unikaj odwiedzania stron, kt\u00f3re oferuj\u0105 wyj\u0105tkowe atrakcje (darmowe filmiki, muzyk\u0119, \u0142atwy zarobek, cudown\u0105 diet\u0119) \u2013 cz\u0119sto na takich stronach znajduj\u0105 si\u0119 ukryte wirusy, trojany i inne zagro\u017cenia.<\/li>\n\n\n\n<li>Nie zostawiaj danych osobowych w niesprawdzonych serwisach i na stronach, je\u017celi nie masz absolutnej pewno\u015bci, \u017ce nie s\u0105 one widoczne dla os\u00f3b trzecich.<\/li>\n\n\n\n<li>Nie wysy\u0142aj w e-mailach \u017cadnych poufnych danych (np. danych osobowych, logowania, karty kredytowej) w formie otwartego tekstu \u2013 powinny by\u0107 zabezpieczone has\u0142em i zaszyfrowane \u2013 has\u0142o przekazuj w spos\u00f3b bezpieczny, tj. innym kana\u0142em ni\u017c dane.<\/li>\n\n\n\n<li>Pami\u0119taj o uruchomieniu firewalla.<\/li>\n\n\n\n<li>Wykonuj kopie zapasowe wa\u017cnych danych.<\/li>\n\n\n\n<li>Pami\u0119taj, \u017ce \u017caden bank czy Urz\u0105d nie wysy\u0142a e-maili do swoich klient\u00f3w z pro\u015bb\u0105 o podanie has\u0142a lub loginu w celu ich weryfikacji.<\/li>\n\n\n\n<li>Zwracaj uwag\u0119 na komunikaty pojawiaj\u0105ce si\u0119 na ekranie i nigdy nie ignoruj ostrze\u017ce\u0144 dotycz\u0105cych bezpiecze\u0144stwa.<\/li>\n<\/ul>\n\n\n\n<p>Wi\u0119cej wskaz\u00f3wek na temat zabezpieczenia danych mo\u017cna znale\u017a\u0107 pod linkami:<br><a href=\"https:\/\/www.nask.pl\/pl\/dzialalnosc\/cyberbezpieczenstwo\/3284,Cyberbezpieczenstwo.html\n\">https:\/\/www.nask.pl\/pl\/dzialalnosc\/cyberbezpieczenstwo\/3284,Cyberbezpieczenstwo.html<br><\/a><a href=\"https:\/\/it-szkola.edu.pl\/news,art,514\n\">https:\/\/it-szkola.edu.pl\/news,art,514<\/a><\/p>\n\n\n\n<p>Je\u017celi chcesz anonimowo i \u0142atwo zg\u0142osi\u0107 nielegalne i szkodliwe tre\u015bci, na kt\u00f3re natkn\u0105\u0142e\u015b si\u0119 w sieci mo\u017cesz zrobi\u0107 to za pomoc\u0105 <a href=\"https:\/\/incydent.cert.pl\/#!\/lang=pl\">https:\/\/incydent.cert.pl\/#!\/lang=pl<\/a><\/p>\n\n\n\n<div data-wp-interactive=\"core\/file\" class=\"wp-block-file\"><object data-wp-bind--hidden=\"!state.hasPdfPreview\" hidden class=\"wp-block-file__embed\" data=\"https:\/\/www.mosir-ketrzyn.pl\/wp-content\/uploads\/2023\/12\/Przyklady-zagrozen.pdf\" type=\"application\/pdf\" style=\"width:100%;height:600px\" aria-label=\"Osadzone z Przyklady-zagrozen.\"><\/object><a id=\"wp-block-file--media-b2ba9f1e-41c6-47d7-ba73-c78844b6d761\" href=\"https:\/\/www.mosir-ketrzyn.pl\/wp-content\/uploads\/2023\/12\/Przyklady-zagrozen.pdf\">Przyklady-zagrozen<\/a><a href=\"https:\/\/www.mosir-ketrzyn.pl\/wp-content\/uploads\/2023\/12\/Przyklady-zagrozen.pdf\" class=\"wp-block-file__button wp-element-button\" download aria-describedby=\"wp-block-file--media-b2ba9f1e-41c6-47d7-ba73-c78844b6d761\">Pobierz<\/a><\/div>\n","protected":false},"excerpt":{"rendered":"<p>Realizuj\u0105c zadania wynikaj\u0105ce z ustawy o krajowym systemie cyberbezpiecze\u0144stwa przekazujemy Pa\u0144stwu informacje pozwalaj\u0105ce na zrozumienie zagro\u017ce\u0144 wyst\u0119puj\u0105cych w cyberprzestrzeni oraz porady jak skuteczne stosowa\u0107 sposoby zabezpieczenia si\u0119 przed tymi zagro\u017ceniami. Cyberbezpiecze\u0144stwo to \u201eodporno\u015b\u0107 system\u00f3w informacyjnych na dzia\u0142ania naruszaj\u0105ce poufno\u015b\u0107, integralno\u015b\u0107, dost\u0119pno\u015b\u0107 i autentyczno\u015b\u0107 przetwarzanych danych lub zwi\u0105zanych z nimi us\u0142ug oferowanych przez te systemy\u201d (art.&hellip;<\/p>\n","protected":false},"author":2,"featured_media":0,"parent":0,"menu_order":0,"comment_status":"closed","ping_status":"closed","template":"","meta":{"inline_featured_image":false,"ngg_post_thumbnail":0,"footnotes":""},"class_list":["post-31506","page","type-page","status-publish","hentry","description-off"],"_links":{"self":[{"href":"https:\/\/www.mosir-ketrzyn.pl\/index.php\/wp-json\/wp\/v2\/pages\/31506","targetHints":{"allow":["GET"]}}],"collection":[{"href":"https:\/\/www.mosir-ketrzyn.pl\/index.php\/wp-json\/wp\/v2\/pages"}],"about":[{"href":"https:\/\/www.mosir-ketrzyn.pl\/index.php\/wp-json\/wp\/v2\/types\/page"}],"author":[{"embeddable":true,"href":"https:\/\/www.mosir-ketrzyn.pl\/index.php\/wp-json\/wp\/v2\/users\/2"}],"replies":[{"embeddable":true,"href":"https:\/\/www.mosir-ketrzyn.pl\/index.php\/wp-json\/wp\/v2\/comments?post=31506"}],"version-history":[{"count":1,"href":"https:\/\/www.mosir-ketrzyn.pl\/index.php\/wp-json\/wp\/v2\/pages\/31506\/revisions"}],"predecessor-version":[{"id":31508,"href":"https:\/\/www.mosir-ketrzyn.pl\/index.php\/wp-json\/wp\/v2\/pages\/31506\/revisions\/31508"}],"wp:attachment":[{"href":"https:\/\/www.mosir-ketrzyn.pl\/index.php\/wp-json\/wp\/v2\/media?parent=31506"}],"curies":[{"name":"wp","href":"https:\/\/api.w.org\/{rel}","templated":true}]}}