{"id":32711,"date":"2024-03-25T14:09:20","date_gmt":"2024-03-25T13:09:20","guid":{"rendered":"https:\/\/www.mosir-ketrzyn.pl\/?page_id=32711"},"modified":"2024-03-25T14:09:21","modified_gmt":"2024-03-25T13:09:21","slug":"pozostale-informacje","status":"publish","type":"page","link":"https:\/\/www.mosir-ketrzyn.pl\/index.php\/pozostale-informacje\/","title":{"rendered":"Pozosta\u0142e informacje"},"content":{"rendered":"\n<ul class=\"wp-block-list\">\n<li><a href=\"https:\/\/www.mosir-ketrzyn.pl\/wp-content\/uploads\/2024\/03\/zarzadzenie_3-2024.pdf\" target=\"_blank\" rel=\"noreferrer noopener\">Zarz\u0105dzenie numer 3\/2024 Dyrektora Miejskiego O\u015brodka Sportu i Rekreacji w K\u0119trzynie z dnia 13.03.2024 roku w sprawie<strong> wprowadzenia standard\u00f3w ochrony ma\u0142oletnich w Miejskim O\u015brodku Sportu i Rekreacji w K\u0119trzynie<\/strong><\/a><\/li>\n<\/ul>\n","protected":false},"excerpt":{"rendered":"<p>Zarz\u0105dzenie numer 3\/2024 Dyrektora Miejskiego O\u015brodka Sportu i Rekreacji w K\u0119trzynie z dnia 13.03.2024 roku w sprawie wprowadzenia standard\u00f3w ochrony ma\u0142oletnich w Miejskim O\u015brodku Sportu i Rekreacji w K\u0119trzynie<\/p>\n","protected":false},"author":2,"featured_media":0,"parent":0,"menu_order":0,"comment_status":"closed","ping_status":"closed","template":"","meta":{"inline_featured_image":false,"ngg_post_thumbnail":0,"footnotes":""},"class_list":["post-32711","page","type-page","status-publish","hentry","description-off"],"_links":{"self":[{"href":"https:\/\/www.mosir-ketrzyn.pl\/index.php\/wp-json\/wp\/v2\/pages\/32711","targetHints":{"allow":["GET"]}}],"collection":[{"href":"https:\/\/www.mosir-ketrzyn.pl\/index.php\/wp-json\/wp\/v2\/pages"}],"about":[{"href":"https:\/\/www.mosir-ketrzyn.pl\/index.php\/wp-json\/wp\/v2\/types\/page"}],"author":[{"embeddable":true,"href":"https:\/\/www.mosir-ketrzyn.pl\/index.php\/wp-json\/wp\/v2\/users\/2"}],"replies":[{"embeddable":true,"href":"https:\/\/www.mosir-ketrzyn.pl\/index.php\/wp-json\/wp\/v2\/comments?post=32711"}],"version-history":[{"count":1,"href":"https:\/\/www.mosir-ketrzyn.pl\/index.php\/wp-json\/wp\/v2\/pages\/32711\/revisions"}],"predecessor-version":[{"id":32713,"href":"https:\/\/www.mosir-ketrzyn.pl\/index.php\/wp-json\/wp\/v2\/pages\/32711\/revisions\/32713"}],"wp:attachment":[{"href":"https:\/\/www.mosir-ketrzyn.pl\/index.php\/wp-json\/wp\/v2\/media?parent=32711"}],"curies":[{"name":"wp","href":"https:\/\/api.w.org\/{rel}","templated":true}]}}