{"id":39091,"date":"2026-01-10T18:32:49","date_gmt":"2026-01-10T17:32:49","guid":{"rendered":"https:\/\/www.mosir-ketrzyn.pl\/index.php\/venues\/"},"modified":"2026-01-11T00:48:06","modified_gmt":"2026-01-10T23:48:06","slug":"venues","status":"publish","type":"page","link":"https:\/\/www.mosir-ketrzyn.pl\/index.php\/venues\/","title":{"rendered":"Obiekt"},"content":{"rendered":"<div class=\"emagic\">\r\n<div class=\"ep-event-venues-container ep-mb-5\" id=\"ep-event-venues-container\">\r\n        <form id=\"ep_venue_search_form\" class=\"ep-box-wrap ep-box-search-form ep-box-bottom ep-mb-4\" name=\"ep_venue_search_form\" action=\"\">\r\n        <div class=\"ep-bg-light ep-border ep-rounded ep-px-3\">\r\n            <div class=\"ep-box-row\">\r\n                <div class=\"ep-box-col-8 ep-p-3 ep-position-relative\">\r\n                    <div class=\"ep-input-group\">\r\n                        <span class=\"ep-input-group-text ep-bg-white ep-text-muted\">\r\n                            <span class=\"material-icons-outlined\">search<\/span>\r\n                        <\/span>\r\n                        <input type=\"hidden\" name=\"ep_search\" value=\"1\" \/>\r\n                        <input placeholder=\"S\u0142owo kluczowe\" class=\"ep-form-control ep-form-control-sm ep-border-start-0\" type=\"text\" name=\"keyword\" id=\"ep_keyword\" value=\"\" \/>  \r\n                        <input class=\"ep-btn ep-btn-dark ep-btn-sm\" type=\"submit\" value=\"Szukaj\"\/>\r\n                    <\/div>\r\n                <\/div>\r\n                <div class=\"ep-box-col-4 ep-event-filter-block ep-text-item-right ep-d-inline-flex ep-align-items-center\">\r\n                                    <\/div>\r\n            <\/div>\r\n        <\/div>\r\n    <\/form>\r\n    \r\n            <div class=\"em_venues dbfl\">\r\n            <div class=\"ep-box-wrap ep-event-venues-grid-container\">\r\n                <div id=\"ep-event-venues-loader-section\" class=\"ep-box-row ep-box-top ep-venue-grid-wrap\">\r\n                        <div class=\"ep-box-col-3 ep-col-md-6 ep-mb-3 ep-venue-col-section\">\r\n        <div class=\"ep-box-card-item \">\r\n            <div class=\"ep-box-card-thumb\" >\r\n                <a href=\"https:\/\/www.mosir-ketrzyn.pl\/index.php\/venues\/?venue=115\" class=\"ep-img-link\">\r\n                    <img decoding=\"async\" src=\"https:\/\/www.mosir-ketrzyn.pl\/wp-content\/uploads\/2026\/03\/DJI_0022-1024x608.jpg\" alt=\"Park rozrywki, ul. Pozna\u0144ska\">\r\n                <\/a>\r\n            <\/div>\r\n            <div class=\"ep-box-card-content ep-p-3 ep-bg-white\">\r\n                <div class=\"ep-box-title ep-box-card-title ep-text-truncate ep-mb-2\">\r\n                    <a href=\"https:\/\/www.mosir-ketrzyn.pl\/index.php\/venues\/?venue=115\" class=\"ep-fw-bold ep-fs-6\">\r\n                        Park rozrywki, ul. Pozna\u0144ska                    <\/a>\r\n                <\/div>\r\n                \r\n                <div class=\"ep-box-card-venue ep-card-venue ep-text-muted ep-text-small ep-text-truncate ep-mb-1\">\r\n                                    <\/div>\r\n                \r\n                <div class=\"ep-venue-seating-capacity ep-event-details ep-text-small ep-d-flex ep-justify-content-between\">\r\n                                            <div class=\"ep-event-attr-name ep-fw-bold\">Rodzaj : Na stoj\u0105co<\/div>\r\n                                        <\/div>\r\n            <\/div>\r\n        <\/div>\r\n    <\/div>    <div class=\"ep-box-col-3 ep-col-md-6 ep-mb-3 ep-venue-col-section\">\r\n        <div class=\"ep-box-card-item \">\r\n            <div class=\"ep-box-card-thumb\" >\r\n                <a href=\"https:\/\/www.mosir-ketrzyn.pl\/index.php\/venues\/?venue=114\" class=\"ep-img-link\">\r\n                    <img decoding=\"async\" src=\"https:\/\/www.mosir-ketrzyn.pl\/wp-content\/uploads\/2026\/01\/DSC07148-1024x683.jpg\" alt=\"Boisko ze sztuczn\u0105 nawierzchni\u0105, ul. Kazimierza Wielkiego 12A\">\r\n                <\/a>\r\n            <\/div>\r\n            <div class=\"ep-box-card-content ep-p-3 ep-bg-white\">\r\n                <div class=\"ep-box-title ep-box-card-title ep-text-truncate ep-mb-2\">\r\n                    <a href=\"https:\/\/www.mosir-ketrzyn.pl\/index.php\/venues\/?venue=114\" class=\"ep-fw-bold ep-fs-6\">\r\n                        Boisko ze sztuczn\u0105 nawierzchni\u0105, ul. Kazimierza Wielkiego 12A                    <\/a>\r\n                <\/div>\r\n                \r\n                <div class=\"ep-box-card-venue ep-card-venue ep-text-muted ep-text-small ep-text-truncate ep-mb-1\">\r\n                                    <\/div>\r\n                \r\n                <div class=\"ep-venue-seating-capacity ep-event-details ep-text-small ep-d-flex ep-justify-content-between\">\r\n                                            <div class=\"ep-event-attr-name ep-fw-bold\">Rodzaj : Na stoj\u0105co<\/div>\r\n                                        <\/div>\r\n            <\/div>\r\n        <\/div>\r\n    <\/div>    <div class=\"ep-box-col-3 ep-col-md-6 ep-mb-3 ep-venue-col-section\">\r\n        <div class=\"ep-box-card-item \">\r\n            <div class=\"ep-box-card-thumb\" >\r\n                <a href=\"https:\/\/www.mosir-ketrzyn.pl\/index.php\/venues\/?venue=113\" class=\"ep-img-link\">\r\n                    <img decoding=\"async\" src=\"https:\/\/www.mosir-ketrzyn.pl\/wp-content\/uploads\/2026\/01\/DSC00093-1024x683.jpg\" alt=\"Ba\u0142tyckie Centrum Bilardowe, ul. Stanis\u0142awa Moniuszki 1\">\r\n                <\/a>\r\n            <\/div>\r\n            <div class=\"ep-box-card-content ep-p-3 ep-bg-white\">\r\n                <div class=\"ep-box-title ep-box-card-title ep-text-truncate ep-mb-2\">\r\n                    <a href=\"https:\/\/www.mosir-ketrzyn.pl\/index.php\/venues\/?venue=113\" class=\"ep-fw-bold ep-fs-6\">\r\n                        Ba\u0142tyckie Centrum Bilardowe, ul. Stanis\u0142awa Moniuszki 1                    <\/a>\r\n                <\/div>\r\n                \r\n                <div class=\"ep-box-card-venue ep-card-venue ep-text-muted ep-text-small ep-text-truncate ep-mb-1\">\r\n                                    <\/div>\r\n                \r\n                <div class=\"ep-venue-seating-capacity ep-event-details ep-text-small ep-d-flex ep-justify-content-between\">\r\n                                            <div class=\"ep-event-attr-name ep-fw-bold\">Rodzaj : Na stoj\u0105co<\/div>\r\n                                        <\/div>\r\n            <\/div>\r\n        <\/div>\r\n    <\/div>    <div class=\"ep-box-col-3 ep-col-md-6 ep-mb-3 ep-venue-col-section\">\r\n        <div class=\"ep-box-card-item \">\r\n            <div class=\"ep-box-card-thumb\" >\r\n                <a href=\"https:\/\/www.mosir-ketrzyn.pl\/index.php\/venues\/?venue=112\" class=\"ep-img-link\">\r\n                    <img decoding=\"async\" src=\"https:\/\/www.mosir-ketrzyn.pl\/wp-content\/uploads\/2026\/01\/DSC09795-1024x683.jpg\" alt=\"Stadion Miejski, ul. Bydgoska 20\">\r\n                <\/a>\r\n            <\/div>\r\n            <div class=\"ep-box-card-content ep-p-3 ep-bg-white\">\r\n                <div class=\"ep-box-title ep-box-card-title ep-text-truncate ep-mb-2\">\r\n                    <a href=\"https:\/\/www.mosir-ketrzyn.pl\/index.php\/venues\/?venue=112\" class=\"ep-fw-bold ep-fs-6\">\r\n                        Stadion Miejski, ul. Bydgoska 20                    <\/a>\r\n                <\/div>\r\n                \r\n                <div class=\"ep-box-card-venue ep-card-venue ep-text-muted ep-text-small ep-text-truncate ep-mb-1\">\r\n                                    <\/div>\r\n                \r\n                <div class=\"ep-venue-seating-capacity ep-event-details ep-text-small ep-d-flex ep-justify-content-between\">\r\n                                            <div class=\"ep-event-attr-name ep-fw-bold\">Rodzaj : Na stoj\u0105co<\/div>\r\n                                        <\/div>\r\n            <\/div>\r\n        <\/div>\r\n    <\/div>    <div class=\"ep-box-col-3 ep-col-md-6 ep-mb-3 ep-venue-col-section\">\r\n        <div class=\"ep-box-card-item \">\r\n            <div class=\"ep-box-card-thumb\" >\r\n                <a href=\"https:\/\/www.mosir-ketrzyn.pl\/index.php\/venues\/?venue=111\" class=\"ep-img-link\">\r\n                    <img decoding=\"async\" src=\"https:\/\/www.mosir-ketrzyn.pl\/wp-content\/uploads\/2026\/01\/DSC00526-1024x683.jpg\" alt=\"Hala Mistrz\u00f3w, ul. Moniuszki 1\">\r\n                <\/a>\r\n            <\/div>\r\n            <div class=\"ep-box-card-content ep-p-3 ep-bg-white\">\r\n                <div class=\"ep-box-title ep-box-card-title ep-text-truncate ep-mb-2\">\r\n                    <a href=\"https:\/\/www.mosir-ketrzyn.pl\/index.php\/venues\/?venue=111\" class=\"ep-fw-bold ep-fs-6\">\r\n                        Hala Mistrz\u00f3w, ul. Moniuszki 1                    <\/a>\r\n                <\/div>\r\n                \r\n                <div class=\"ep-box-card-venue ep-card-venue ep-text-muted ep-text-small ep-text-truncate ep-mb-1\">\r\n                                    <\/div>\r\n                \r\n                <div class=\"ep-venue-seating-capacity ep-event-details ep-text-small ep-d-flex ep-justify-content-between\">\r\n                                            <div class=\"ep-event-attr-name ep-fw-bold\">Rodzaj : Na stoj\u0105co<\/div>\r\n                                        <\/div>\r\n            <\/div>\r\n        <\/div>\r\n    <\/div>    <div class=\"ep-box-col-3 ep-col-md-6 ep-mb-3 ep-venue-col-section\">\r\n        <div class=\"ep-box-card-item \">\r\n            <div class=\"ep-box-card-thumb\" >\r\n                <a href=\"https:\/\/www.mosir-ketrzyn.pl\/index.php\/venues\/?venue=110\" class=\"ep-img-link\">\r\n                    <img decoding=\"async\" src=\"https:\/\/www.mosir-ketrzyn.pl\/wp-content\/uploads\/2026\/01\/DSC00735-1024x683.jpg\" alt=\"K\u0119trzynianka, ul. Szpitalna 1\">\r\n                <\/a>\r\n            <\/div>\r\n            <div class=\"ep-box-card-content ep-p-3 ep-bg-white\">\r\n                <div class=\"ep-box-title ep-box-card-title ep-text-truncate ep-mb-2\">\r\n                    <a href=\"https:\/\/www.mosir-ketrzyn.pl\/index.php\/venues\/?venue=110\" class=\"ep-fw-bold ep-fs-6\">\r\n                        K\u0119trzynianka, ul. Szpitalna 1                    <\/a>\r\n                <\/div>\r\n                \r\n                <div class=\"ep-box-card-venue ep-card-venue ep-text-muted ep-text-small ep-text-truncate ep-mb-1\">\r\n                                    <\/div>\r\n                \r\n                <div class=\"ep-venue-seating-capacity ep-event-details ep-text-small ep-d-flex ep-justify-content-between\">\r\n                                            <div class=\"ep-event-attr-name ep-fw-bold\">Rodzaj : Na stoj\u0105co<\/div>\r\n                                        <\/div>\r\n            <\/div>\r\n        <\/div>\r\n    <\/div>    <div class=\"ep-box-col-3 ep-col-md-6 ep-mb-3 ep-venue-col-section\">\r\n        <div class=\"ep-box-card-item \">\r\n            <div class=\"ep-box-card-thumb\" >\r\n                <a href=\"https:\/\/www.mosir-ketrzyn.pl\/index.php\/venues\/?venue=93\" class=\"ep-img-link\">\r\n                    <img decoding=\"async\" src=\"https:\/\/www.mosir-ketrzyn.pl\/wp-content\/uploads\/2026\/01\/IMG_0495-1024x768.jpg\" alt=\"Hala Widowiskowo-Sportowa, ul. Kazimierza Wielkiego 12A\">\r\n                <\/a>\r\n            <\/div>\r\n            <div class=\"ep-box-card-content ep-p-3 ep-bg-white\">\r\n                <div class=\"ep-box-title ep-box-card-title ep-text-truncate ep-mb-2\">\r\n                    <a href=\"https:\/\/www.mosir-ketrzyn.pl\/index.php\/venues\/?venue=93\" class=\"ep-fw-bold ep-fs-6\">\r\n                        Hala Widowiskowo-Sportowa, ul. Kazimierza Wielkiego 12A                    <\/a>\r\n                <\/div>\r\n                \r\n                <div class=\"ep-box-card-venue ep-card-venue ep-text-muted ep-text-small ep-text-truncate ep-mb-1\">\r\n                                    <\/div>\r\n                \r\n                <div class=\"ep-venue-seating-capacity ep-event-details ep-text-small ep-d-flex ep-justify-content-between\">\r\n                                            <div class=\"ep-event-attr-name ep-fw-bold\">Rodzaj : Na stoj\u0105co<\/div>\r\n                                        <\/div>\r\n            <\/div>\r\n        <\/div>\r\n    <\/div>                <\/div>\r\n            <\/div>\r\n        <\/div>\r\n    <\/div><\/div>\n","protected":false},"excerpt":{"rendered":"<p>search Park rozrywki, ul. Pozna\u0144ska Rodzaj : Na stoj\u0105co Boisko ze sztuczn\u0105 nawierzchni\u0105, ul. Kazimierza Wielkiego 12A Rodzaj : Na stoj\u0105co Ba\u0142tyckie Centrum Bilardowe, ul. Stanis\u0142awa Moniuszki 1 Rodzaj : Na stoj\u0105co Stadion Miejski, ul. Bydgoska 20 Rodzaj : Na stoj\u0105co Hala Mistrz\u00f3w, ul. Moniuszki 1 Rodzaj : Na stoj\u0105co K\u0119trzynianka, ul. Szpitalna 1 Rodzaj&hellip;<\/p>\n","protected":false},"author":2,"featured_media":0,"parent":0,"menu_order":0,"comment_status":"closed","ping_status":"closed","template":"","meta":{"inline_featured_image":false,"ngg_post_thumbnail":0,"footnotes":""},"class_list":["post-39091","page","type-page","status-publish","hentry","description-off"],"_links":{"self":[{"href":"https:\/\/www.mosir-ketrzyn.pl\/index.php\/wp-json\/wp\/v2\/pages\/39091","targetHints":{"allow":["GET"]}}],"collection":[{"href":"https:\/\/www.mosir-ketrzyn.pl\/index.php\/wp-json\/wp\/v2\/pages"}],"about":[{"href":"https:\/\/www.mosir-ketrzyn.pl\/index.php\/wp-json\/wp\/v2\/types\/page"}],"author":[{"embeddable":true,"href":"https:\/\/www.mosir-ketrzyn.pl\/index.php\/wp-json\/wp\/v2\/users\/2"}],"replies":[{"embeddable":true,"href":"https:\/\/www.mosir-ketrzyn.pl\/index.php\/wp-json\/wp\/v2\/comments?post=39091"}],"version-history":[{"count":2,"href":"https:\/\/www.mosir-ketrzyn.pl\/index.php\/wp-json\/wp\/v2\/pages\/39091\/revisions"}],"predecessor-version":[{"id":39152,"href":"https:\/\/www.mosir-ketrzyn.pl\/index.php\/wp-json\/wp\/v2\/pages\/39091\/revisions\/39152"}],"wp:attachment":[{"href":"https:\/\/www.mosir-ketrzyn.pl\/index.php\/wp-json\/wp\/v2\/media?parent=39091"}],"curies":[{"name":"wp","href":"https:\/\/api.w.org\/{rel}","templated":true}]}}