{"id":39100,"date":"2026-01-10T18:32:50","date_gmt":"2026-01-10T17:32:50","guid":{"rendered":"https:\/\/www.mosir-ketrzyn.pl\/index.php\/register\/"},"modified":"2026-01-10T18:32:50","modified_gmt":"2026-01-10T17:32:50","slug":"register","status":"publish","type":"page","link":"https:\/\/www.mosir-ketrzyn.pl\/index.php\/register\/","title":{"rendered":"Register"},"content":{"rendered":"    <div class=\"emagic\">\r\n        <div id=\"ep_attendee_register_form_wrapper\" class=\" \">            <!-- <h2>Register<\/h2> -->\r\n                            <form id=\"ep_attendee_register_form\" class=\"ep-attendee-register-form ep-shadow-sm ep-border ep-rounded ep-p-5 ep-mb-3 wp-block-create-block-ep-register-block align \" style=\"Color:  ; background-color:  ;\" method=\"post\">\r\n                                        <div class=\"ep-register-response\"><\/div>\r\n                                            <div class=\"ep-form-row ep-form-group ep-mb-3\">\r\n                            <label for=\"user_name\" class=\"ep-form-label\">\r\n                                    User Name<span class=\"required\">*<\/span>                            <\/label>\r\n                            <input type=\"text\" name=\"user_name\" id=\"ep_register_user_name\" class=\"ep-form-control ep-form-input ep-input-text\" value=\"\" required=\"required\" \/>\r\n                        <\/div>\r\n                    <div class=\"ep-form-row ep-form-group ep-mb-3\">\r\n                        <label for=\"email\" class=\"ep-form-label\">\r\n                            User Email<span class=\"required\">*<\/span>                            \r\n                        <\/label>\r\n                        <input type=\"email\" name=\"email\" required id=\"ep_register_email\" class=\"ep-form-control ep-form-input ep-input-email\" value=\"\" \/>\r\n                    <\/div>\r\n                                            <div class=\"ep-form-row ep-form-group ep-mb-3\">\r\n                            <label for=\"password\" class=\"ep-form-label\">\r\n                                Password                            <\/label>\r\n                            <input type=\"password\" name=\"password\" id=\"ep_register_password\" class=\"ep-form-control ep-form-input ep-input-text\"  \/>\r\n                        <\/div>                    \r\n                                            <div class=\"ep-form-row ep-form-group ep-mb-3\">\r\n                            <label for=\"repeat_password\" class=\"ep-form-label\">\r\n                                Repeat Password                            <\/label>\r\n                            <input type=\"password\" name=\"repeat_password\" id=\"ep_register_repeat_password\" class=\"ep-form-control ep-form-input ep-input-text\"  \/>\r\n                        <\/div>\r\n                    \r\n                                            <div class=\"ep-form-row ep-form-group ep-mb-3\">\r\n                            <label for=\"phone\" class=\"ep-form-label\">\r\n                                Phone&nbsp;\r\n                                Phone                            <\/label>\r\n                            <input type=\"tel\" name=\"phone\" id=\"ep_register_phone\" class=\"ep-form-control ep-form-input ep-input-text\"  onkeypress=\"return \/[0-9a-zA-Z]\/i.test(event.key)\" data-validate=\"Numer telefonu jest nieprawid\u0142owy\"\/>\r\n                        <\/div>\r\n                    \r\n                                        \r\n                                        <!-- Register Button Section for blocks and default start -->\r\n                                            <div class=\"ep-form-row ep-register-btn-section ep-form-group ep-mb-3\">\r\n                            <input type=\"hidden\" id=\"ep-attendee-register-nonce\" name=\"ep-attendee-register-nonce\" value=\"670398043e\" \/><input type=\"hidden\" name=\"_wp_http_referer\" value=\"\/index.php\/wp-json\/wp\/v2\/pages\/39100\" \/>                            <button type=\"submit\" class=\"ep-btn ep-btn-dark ep-mb-2 ep-register-form-submit\" name=\"ep_register\" value=\"Zarejestruj si\u0119\" >\r\n                                <span class=\"ep-spinner ep-spinner-border-sm ep-mr-1\"><\/span>Register                            <\/button>\r\n                            <input type=\"hidden\" name=\"redirect\" value=\"\" \/>\r\n                        <\/div>\r\n                                        <!-- Register Button Section for blocks and default end -->\r\n                                        <div class=\"ep-form-row ep-form-group ep-mb-3\">\r\n                        <div class=\"ep-register-login\">\r\n                            Posiadasz ju\u017c konto? \r\n                            <a href=\"https:\/\/www.mosir-ketrzyn.pl\/index.php\/login\/\" id=\"em_register_login1\">\r\n                                Prosz\u0119 si\u0119 zalogowa\u0107                                \r\n                            <\/a>\r\n                        <\/div>\r\n                    <\/div>\r\n                                    <\/form>        <\/div>\r\n    <\/div>\n","protected":false},"excerpt":{"rendered":"<p>User Name* User Email* Password Repeat Password Phone&nbsp; Phone Register Posiadasz ju\u017c konto? Prosz\u0119 si\u0119 zalogowa\u0107<\/p>\n","protected":false},"author":2,"featured_media":0,"parent":0,"menu_order":0,"comment_status":"closed","ping_status":"closed","template":"","meta":{"inline_featured_image":false,"ngg_post_thumbnail":0,"footnotes":""},"class_list":["post-39100","page","type-page","status-publish","hentry","description-off"],"_links":{"self":[{"href":"https:\/\/www.mosir-ketrzyn.pl\/index.php\/wp-json\/wp\/v2\/pages\/39100","targetHints":{"allow":["GET"]}}],"collection":[{"href":"https:\/\/www.mosir-ketrzyn.pl\/index.php\/wp-json\/wp\/v2\/pages"}],"about":[{"href":"https:\/\/www.mosir-ketrzyn.pl\/index.php\/wp-json\/wp\/v2\/types\/page"}],"author":[{"embeddable":true,"href":"https:\/\/www.mosir-ketrzyn.pl\/index.php\/wp-json\/wp\/v2\/users\/2"}],"replies":[{"embeddable":true,"href":"https:\/\/www.mosir-ketrzyn.pl\/index.php\/wp-json\/wp\/v2\/comments?post=39100"}],"version-history":[{"count":0,"href":"https:\/\/www.mosir-ketrzyn.pl\/index.php\/wp-json\/wp\/v2\/pages\/39100\/revisions"}],"wp:attachment":[{"href":"https:\/\/www.mosir-ketrzyn.pl\/index.php\/wp-json\/wp\/v2\/media?parent=39100"}],"curies":[{"name":"wp","href":"https:\/\/api.w.org\/{rel}","templated":true}]}}