{"id":4540,"date":"2023-08-22T13:02:51","date_gmt":"2023-08-22T11:02:51","guid":{"rendered":"https:\/\/www4.mosir-ketrzyn.pl\/?page_id=4540"},"modified":"2025-01-14T12:21:02","modified_gmt":"2025-01-14T11:21:02","slug":"deklaracja-dostepnosci","status":"publish","type":"page","link":"https:\/\/www.mosir-ketrzyn.pl\/index.php\/deklaracja-dostepnosci\/","title":{"rendered":"Deklaracja dost\u0119pno\u015bci"},"content":{"rendered":"\n<h3 class=\"wp-block-heading\">ZOBOWI\u0104ZANIE DO ZAPEWNIENIA DOST\u0118PNO\u015aCI<\/h3>\n\n\n\n<p id=\"a11y-wstep\">Miejski O\u015brodek Sportu i Rekreacji w K\u0119trzynie&nbsp;zobowi\u0105zuje si\u0119 zapewni\u0107 dost\u0119pno\u015b\u0107 swojej strony internetowej zgodnie z przepisami Ustawy z&nbsp;dnia 4 kwietnia 2019 r. o dost\u0119pno\u015bci cyfrowej stron internetowych i aplikacji mobilnych podmiot\u00f3w publicznych. O\u015bwiadczenie w sprawie dost\u0119pno\u015bci ma zastosowanie do serwisu internetowego&nbsp;<a href=\"https:\/\/mosir-ketrzyn.pl\/\">https:\/\/mosir-ketrzyn.pl\/<\/a><\/p>\n\n\n\n<h3 class=\"wp-block-heading\">DANE TELEADRESOWE JEDNOSTKI<\/h3>\n\n\n\n<p>Miejski O\u015brodek Sportu i Rekreacji w K\u0119trzynie, ulica Kazimierza Wielkiego 12 A, 11-400 K\u0119trzyn, telefon&nbsp;501794843, e-mail:&nbsp;<a href=\"mailto:biuro@mosir-ketrzyn.pl\">biuro@mosir-ketrzyn.pl<\/a>, adres strony: <a href=\"http:\/\/www.mosir-ketrzyn.pl\" data-type=\"link\" data-id=\"www.mosir-ketrzyn.pl\">www.mosir-ketrzyn.pl<\/a><\/p>\n\n\n\n<h3 class=\"wp-block-heading\">DATA PUBLIKACJI I OSTATNIEJ ISTOTNEJ AKTUALIZACJI<\/h3>\n\n\n\n<p>1. Data publikacji strony internetowej:\u00a02013-05-15<br>2. Data ostatniej istotnej aktualizacji:\u00a02025-01-14<\/p>\n\n\n\n<h3 class=\"wp-block-heading\">STATUS POD WZGL\u0118DEM ZGODNO\u015aCI Z USTAW\u0104<\/h3>\n\n\n\n<p>Strona internetowa jest&nbsp;cz\u0119\u015bciowo zgodna&nbsp;z Ustaw\u0105 o dost\u0119pno\u015bci cyfrowej stron internetowych i aplikacji mobilnych podmiot\u00f3w publicznych z powodu niezgodno\u015bci lub wy\u0142\u0105cze\u0144 wymienionych poni\u017cej.<\/p>\n\n\n\n<p>Niezgodno\u015bci:<br>1. Linki s\u0105 wyr\u00f3\u017cnione wy\u0142\u0105cznie kolorem. Nie ma dodatkowego zaznaczenia umo\u017cliwiaj\u0105cego ich rozpoznanie przez osoby nierozr\u00f3\u017cniaj\u0105ce kolor\u00f3w.<br>2. Elementy umo\u017cliwiaj\u0105ce rozwini\u0119cie menu nie zawieraj\u0105 opisu przeznaczonego dla program\u00f3w odczytu ekranu u\u017cytkowanych przez osoby z&nbsp;niepe\u0142nosprawno\u015bciami. 3. Niekt\u00f3re fotografie nie posiadaj\u0105 opis\u00f3w alternatywnych.<\/p>\n\n\n\n<p>Wy\u0142\u0105czenia:<br>1. Dokumenty opublikowane przed 23.09.2018 roku zosta\u0142y wy\u0142\u0105czone z&nbsp;obowi\u0105zku zapewnienia dost\u0119pno\u015bci.<br>2. Materia\u0142y multimedialne zamieszczone na stronie przed 23.09.2020 roku zosta\u0142y wy\u0142\u0105czone z obowi\u0105zku zapewnienia dost\u0119pno\u015bci.<br>3. Materia\u0142y i tre\u015bci archiwalne nie wykorzystywane do bie\u017c\u0105cych zada\u0144 Miejskiego O\u015brodka Sportu i Rekreacji w K\u0119trzynie, zamieszczone<br>przed 23.09.2019 roku i nie poddane od tego czasu przebudowom i&nbsp;zmianom zosta\u0142y wy\u0142\u0105czone z obowi\u0105zku zapewnienia dost\u0119pno\u015bci.<\/p>\n\n\n\n<h3 class=\"wp-block-heading\">DATA SPORZ\u0104DZENIA DEKLARACJI DOST\u0118PNO\u015aCI ORAZ METODA PRZYGOTOWANIA<\/h3>\n\n\n\n<p>1. Data sporz\u0105dzenia deklaracji:&nbsp;2021-03-25<br>2. Deklaracj\u0119 sporz\u0105dzono na podstawie samooceny przeprowadzonej przez podmiot publiczny.<\/p>\n\n\n\n<h3 class=\"wp-block-heading\">INFORMACJE DLA U\u017bYTKOWNIK\u00d3W<\/h3>\n\n\n\n<p>1. Na stronie internetowej mo\u017cna korzysta\u0107 ze standardowych skr\u00f3t\u00f3w klawiaturowych.<br>2. U\u017cytkownicy korzystaj\u0105cy wy\u0142\u0105cznie z klawiatury mog\u0105 porusza\u0107 si\u0119 po stronie za pomoc\u0105 klawisza Tab.<br>3. Na stronie kontrast spe\u0142nia wymagania WCAG na poziomie AAA.<br>4. Graficzne przegl\u0105darki internetowe oferuj\u0105 mo\u017cliwo\u015b\u0107 powi\u0119kszenia lub pomniejszenia widoku wy\u015bwietlanej strony poprzez odpowiedni\u0105 kombinacj\u0119 klawiszy.<br>Firefox, Chrome, Internet Explorer CTRL oraz + aby powi\u0119kszy\u0107 widok, CTRL oraz \u2013 aby pomniejszy\u0107 widok. Opera, SHIFT oraz + aby powi\u0119kszy\u0107 widok, SHIFT oraz \u2013 aby pomniejszy\u0107 widok.<\/p>\n\n\n\n<h3 class=\"wp-block-heading\">DANE KONTAKTOWE, INFORMACJE ZWROTNE ORAZ INFORMACJE NA TEMAT PROCEDURY DOTYCZ\u0104CEJ SKARG<\/h3>\n\n\n\n<ol class=\"wp-block-list\">\n<li>W przypadku problem\u00f3w z dost\u0119pno\u015bci\u0105 strony internetowej prosi si\u0119 o kontakt na adres:&nbsp;biuro@mosir-ketrzyn.pl.<\/li>\n\n\n\n<li>T\u0105 sam\u0105 drog\u0105 mo\u017cna sk\u0142ada\u0107 wnioski o udost\u0119pnienie informacji niedost\u0119pnej oraz skargi na brak zapewnienia dost\u0119pno\u015bci.<\/li>\n\n\n\n<li>Ka\u017cdy ma prawo do wyst\u0105pienia z \u017c\u0105daniem zapewnienia cyfrowej dost\u0119pno\u015bci strony internetowej, aplikacji mobilnej lub ich element\u00f3w. Mo\u017cna \u017c\u0105da\u0107 udost\u0119pniania informacji w formie alternatywnej, na przyk\u0142ad odczytania cyfrowo niedost\u0119pnego dokumentu, opisania filmu nieposiadaj\u0105cego audiodeskrypcji.<br>\u017b\u0105danie powinno zawiera\u0107 dane osoby zg\u0142aszaj\u0105cej, wskazanie strony internetowej lub aplikacji mobilnej, kt\u00f3rej dotyczy \u017c\u0105danie, a&nbsp;tak\u017ce spos\u00f3b kontaktu preferowanego przez osob\u0119 zg\u0142aszaj\u0105c\u0105 \u017c\u0105danie. Je\u017celi osoba \u017c\u0105daj\u0105ca zg\u0142asza potrzeb\u0119 otrzymania informacji za pomoc\u0105 alternatywnego sposobu dost\u0119pu, powinna tak\u017ce okre\u015bli\u0107 dogodn\u0105 dla niej form\u0119 przedstawienia tej informacji.<\/li>\n\n\n\n<li>Miejski O\u015brodek Sportu i Rekreacji w K\u0119trzynie zrealizuje \u017c\u0105danie nie p\u00f3\u017aniej ni\u017c w ci\u0105gu 7 dni. Je\u017celi dotrzymanie tego terminu nie b\u0119dzie mo\u017cliwe, O\u015brodek niezw\u0142ocznie poinformuje zg\u0142aszaj\u0105cego \u017c\u0105danie o tym, kiedy realizacja b\u0119dzie mo\u017cliwa. Przy czym termin ten nie mo\u017ce by\u0107 d\u0142u\u017cszy ni\u017c 2 miesi\u0105ce. Je\u017celi zapewnienie dost\u0119pno\u015bci nie jest mo\u017cliwe, O\u015brodek mo\u017ce zaproponowa\u0107 alternatywny spos\u00f3b dost\u0119pu do informacji.<\/li>\n\n\n\n<li>W przypadku, gdy O\u015brodek odm\u00f3wi realizacji \u017c\u0105dania zapewnienia dost\u0119pno\u015bci lub alternatywnego dost\u0119pu do informacji, mo\u017cna z\u0142o\u017cy\u0107 skarg\u0119<br>do Rzecznika Praw Obywatelskich za po\u015brednictwem formularza kontaktowego na stronie&nbsp;<a href=\"https:\/\/www.rpo.gov.pl\/content\/kontakt\">https:\/\/www.rpo.gov.pl\/content\/kontakt<\/a>&nbsp;(punkt 2\/4).<\/li>\n<\/ol>\n\n\n\n<h3 class=\"wp-block-heading\">DOST\u0118PNO\u015a\u0106 ARCHITEKTONICZNA<\/h3>\n\n\n\n<p>Miejski O\u015brodek Sportu i Rekreacji w K\u0119trzynie \u015bwiadczy swoje us\u0142ugi u\u017cytkownikom w nast\u0119puj\u0105cych lokalizacjach:<\/p>\n\n\n\n<ol class=\"wp-block-list\">\n<li>Biuro O\u015brodka mie\u015bci si\u0119 na terenie obiektu sportowego przy ulicy Szpitalnej 1 w K\u0119trzynie. Obiekt zosta\u0142 wybudowany w 2010 roku. Nale\u017cy do Gminy Miejskiej K\u0119trzyn. Administratorem obiektu jest Miejski O\u015brodek Sportu i Rekreacji w K\u0119trzynie. Do obiektu prowadz\u0105 2 wej\u015bcia, wej\u015bcie od strony ulicy Szpitalnej 1 i ulicy Sportowej.<br>Od ulicy Szpitalnej 1 przed wej\u015bciem do obiektu znajduje si\u0119 parking z podjazdem dla w\u00f3zk\u00f3w dla os\u00f3b niepe\u0142nosprawnych. W obiekcie s\u0105 toalety dla os\u00f3b niepe\u0142nosprawnych. S\u0105 wyznaczone miejsca parkingowe dla os\u00f3b niepe\u0142nosprawnych. Do obiektu mo\u017cna wej\u015b\u0107 z psem asystuj\u0105cym i psem przewodnikiem. W obiekcie nie ma p\u0119tli indukcyjnych. W pomieszczeniach administracyjnych nie ma oznacze\u0144 w alfabecie brajla. W obiekcie nie ma mo\u017cliwo\u015bci skorzystania z t\u0142umacza j\u0119zyka migowego.<\/li>\n\n\n\n<li>Kolejnym obiektem sportowym administrowanym przez Miejski O\u015brodek Sportu i Rekreacji w K\u0119trzynie jest obiekt sportowy przy ulicy Kazimierza Wielkiego 12 A w K\u0119trzynie. Wybudowany zosta\u0142 w 2004 roku, nale\u017cy do Gminy Miejskiej K\u0119trzyn. Obiekt zosta\u0142 przekazany w trwa\u0142y zarz\u0105d Miejskiemu O\u015brodkowi Sportu i Rekreacji w K\u0119trzynie.<br>Do obiektu prowadz\u0105 2 wej\u015bcia. Wej\u015bcie g\u0142\u00f3wne od strony ulicy Kazimierza Wielkiego 12A i wej\u015bcie boczne od strony parkingu przy ulicy Kazimierza Wielkiego 12A.<br>Oba wej\u015bcia posiadaj\u0105 podjazdy dla os\u00f3b niepe\u0142nosprawnych. Przed wej\u015bciem bocznym znajduje si\u0119 parking z oznaczonym miejscem dla os\u00f3b niepe\u0142nosprawnych.<br>W obiekcie znajduj\u0105 si\u0119 toalety dla os\u00f3b niepe\u0142nosprawnych. Do obiektu mo\u017cna wej\u015b\u0107 z psem asystuj\u0105cym i psem przewodnikiem. W obiekcie nie ma p\u0119tli indukcyjnych. W obiekcie nie ma oznacze\u0144 w alfabecie brajla. W obiekcie nie ma mo\u017cliwo\u015bci skorzystania z t\u0142umacza j\u0119zyka migowego.<\/li>\n\n\n\n<li>Stadion Miejski przy ulicy Bydgoskiej 20 zosta\u0142 oddany do u\u017cytkowania w 2020 roku po gruntownej modernizacji. Obiekt jest oddany w trwa\u0142y zarz\u0105d Miejskiemu O\u015brodkowi Sportu i Rekreacji w K\u0119trzynie. Budynek stadionowy jest dostosowany dla potrzeb os\u00f3b niepe\u0142nosprawnych. Wyposa\u017cony w wind\u0119, kt\u00f3ra pozwala dotrze\u0107 do wszystkich pomieszcze\u0144 znajduj\u0105cych si\u0119 w budynku. Obiekt ten wyposa\u017cony w toalety dla os\u00f3b niepe\u0142nosprawnych. Na parkingu s\u0105 wyznaczone miejsca parkingowe dla os\u00f3b niepe\u0142nosprawnych. Do obiektu mo\u017cna wej\u015b\u0107 z psem asystuj\u0105cym i psem przewodnikiem. W obiekcie nie ma p\u0119tli indukcyjnych. W obiekcie nie ma oznacze\u0144 w alfabecie brajla. W obiekcie nie ma mo\u017cliwo\u015bci skorzystania z t\u0142umacza j\u0119zyka migowego.<\/li>\n\n\n\n<li>Nast\u0119pnym obiektem sportowym O\u015brodka jest obiekt przy ulicy Pozna\u0144skiej w K\u0119trzynie. Kompleks rekreacyjny nale\u017cy do Gminy Miejskiej K\u0119trzyn. W 2018 roku oddany do u\u017cytkowania i administrowania przez Miejski O\u015brodek Sportu i Rekreacji w K\u0119trzynie. Ci\u0105gi pieszo-jezdne dost\u0119pne dla os\u00f3b niepe\u0142nosprawnych. Obiekt wyposa\u017cony w toalety dla os\u00f3b niepe\u0142nosprawnych. Na parkingu s\u0105 wyznaczone miejsca parkingowe dla os\u00f3b niepe\u0142nosprawnych. Do obiektu rekreacyjnego mo\u017cna wej\u015b\u0107 z psem asystuj\u0105cym i psem przewodnikiem. W obiekcie nie ma p\u0119tli indukcyjnych. W obiekcie nie ma oznacze\u0144 w alfabecie brajla. W obiekcie nie ma mo\u017cliwo\u015bci skorzystania z t\u0142umacza j\u0119zyka migowego.<\/li>\n<\/ol>\n\n\n\n<div class=\"wp-block-file\"><a id=\"wp-block-file--media-e88a2753-4e70-4d98-a124-301b1aa5fd25\" href=\"https:\/\/www.mosir-ketrzyn.pl\/wp-content\/uploads\/2023\/09\/OI-zapewnienie-dostepnosci.doc\" target=\"_blank\" rel=\"noreferrer noopener\"><strong><h4>Obowi\u0105zek informacyjny dotycz\u0105cy danych osobowych os\u00f3b ubiegaj\u0105cych si\u0119 o zapewnienie dost\u0119pno\u015bci\narchitektonicznej lub informacyjno-komunikacyjnej lub zg\u0142aszaj\u0105cych brak dost\u0119pno\u015bci architektonicznej lub informacyjno-komunikacyjnej, a tak\u017ce os\u00f3b ubiegaj\u0105cych si\u0119 o zapewnienie dost\u0119pno\u015bci cyfrowej \u00bb<\/h4><\/strong><\/a><\/div>\n","protected":false},"excerpt":{"rendered":"<p>ZOBOWI\u0104ZANIE DO ZAPEWNIENIA DOST\u0118PNO\u015aCI Miejski O\u015brodek Sportu i Rekreacji w K\u0119trzynie&nbsp;zobowi\u0105zuje si\u0119 zapewni\u0107 dost\u0119pno\u015b\u0107 swojej strony internetowej zgodnie z przepisami Ustawy z&nbsp;dnia 4 kwietnia 2019 r. o dost\u0119pno\u015bci cyfrowej stron internetowych i aplikacji mobilnych podmiot\u00f3w publicznych. O\u015bwiadczenie w sprawie dost\u0119pno\u015bci ma zastosowanie do serwisu internetowego&nbsp;https:\/\/mosir-ketrzyn.pl\/ DANE TELEADRESOWE JEDNOSTKI Miejski O\u015brodek Sportu i Rekreacji w K\u0119trzynie,&hellip;<\/p>\n","protected":false},"author":2,"featured_media":0,"parent":0,"menu_order":0,"comment_status":"closed","ping_status":"closed","template":"","meta":{"inline_featured_image":false,"ngg_post_thumbnail":0,"footnotes":""},"class_list":["post-4540","page","type-page","status-publish","hentry","description-off"],"_links":{"self":[{"href":"https:\/\/www.mosir-ketrzyn.pl\/index.php\/wp-json\/wp\/v2\/pages\/4540","targetHints":{"allow":["GET"]}}],"collection":[{"href":"https:\/\/www.mosir-ketrzyn.pl\/index.php\/wp-json\/wp\/v2\/pages"}],"about":[{"href":"https:\/\/www.mosir-ketrzyn.pl\/index.php\/wp-json\/wp\/v2\/types\/page"}],"author":[{"embeddable":true,"href":"https:\/\/www.mosir-ketrzyn.pl\/index.php\/wp-json\/wp\/v2\/users\/2"}],"replies":[{"embeddable":true,"href":"https:\/\/www.mosir-ketrzyn.pl\/index.php\/wp-json\/wp\/v2\/comments?post=4540"}],"version-history":[{"count":6,"href":"https:\/\/www.mosir-ketrzyn.pl\/index.php\/wp-json\/wp\/v2\/pages\/4540\/revisions"}],"predecessor-version":[{"id":36011,"href":"https:\/\/www.mosir-ketrzyn.pl\/index.php\/wp-json\/wp\/v2\/pages\/4540\/revisions\/36011"}],"wp:attachment":[{"href":"https:\/\/www.mosir-ketrzyn.pl\/index.php\/wp-json\/wp\/v2\/media?parent=4540"}],"curies":[{"name":"wp","href":"https:\/\/api.w.org\/{rel}","templated":true}]}}