{"id":4542,"date":"2023-08-22T13:04:24","date_gmt":"2023-08-22T11:04:24","guid":{"rendered":"https:\/\/www4.mosir-ketrzyn.pl\/?page_id=4542"},"modified":"2025-01-14T12:23:19","modified_gmt":"2025-01-14T11:23:19","slug":"polityka-prywatnosci","status":"publish","type":"page","link":"https:\/\/www.mosir-ketrzyn.pl\/index.php\/polityka-prywatnosci\/","title":{"rendered":"Polityka prywatno\u015bci"},"content":{"rendered":"\n<p>Zgodnie art. 13 ust. 1 i 2 rozporz\u0105dzenia Parlamentu Europejskiego i Rady (UE) 2016\/679 z dnia 27 kwietnia 2016r. w sprawie ochrony os\u00f3b fizycznych w zwi\u0105zku z przetwarzaniem danych osobowych i w sprawie swobodnego przep\u0142ywu takich danych oraz uchylenia dyrektywy 95\/46\/WE (Dz. Urz. UEL 119\/1 z 4.5.2016r.), dalej RODO, informujemy,&nbsp;\u017ce:<\/p>\n\n\n\n<ol class=\"wp-block-list\">\n<li>Administratorem Pani\/Pana danych osobowych jest Miejski O\u015brodek Sportu i Rekreacji z siedzib\u0105 przy ul. Szpitalnej 1 w K\u0119trzynie (11-400)<\/li>\n\n\n\n<li>Inspektorem Ochrony Danych jest p. Rafa\u0142 Andrzejewski, z kt\u00f3rym mo\u017cna si\u0119 skontaktowa\u0107 poprzez e mail: <a href=\"mailto:mosir.iod@miastoketrzyn.pl\">iod.r.andrzejewski@szkoleniaprawnicze.com.pl<\/a>, lub telefonicznie nr tel: +48\u00a0504 976 690<\/li>\n\n\n\n<li>Strona zbiera w spos\u00f3b automatyczny tylko informacje zawarte w plikach cookies \u2013 <a href=\"https:\/\/www.mosir-ketrzyn.pl\/index.php\/czym-sa-cookies-ciasteczka\/\" data-type=\"page\" data-id=\"28574\">wi\u0119cej o ciasteczkach (cookies<\/a>).<\/li>\n\n\n\n<li>U\u017cytkownik strony mo\u017ce w ka\u017cdej chwili dokona\u0107 zmiany ustawie\u0144 swojej przegl\u0105darki, aby zablokowa\u0107 obs\u0142ug\u0119 plik\u00f3w cookies lub ka\u017cdorazowo uzyskiwa\u0107 informacje o ich umieszczeniu w swoim urz\u0105dzeniu. Inne dost\u0119pne opcje mo\u017cna sprawdzi\u0107 w ustawieniach swojej przegl\u0105darki internetowej. Nale\u017cy pami\u0119ta\u0107, \u017ce wi\u0119kszo\u015b\u0107 przegl\u0105darek domy\u015blnie jest ustawione na akceptacj\u0119 zapisu plik\u00f3w (cookies)w urz\u0105dzeniu ko\u0144cowym.<\/li>\n<\/ol>\n","protected":false},"excerpt":{"rendered":"<p>Zgodnie art. 13 ust. 1 i 2 rozporz\u0105dzenia Parlamentu Europejskiego i Rady (UE) 2016\/679 z dnia 27 kwietnia 2016r. w sprawie ochrony os\u00f3b fizycznych w zwi\u0105zku z przetwarzaniem danych osobowych i w sprawie swobodnego przep\u0142ywu takich danych oraz uchylenia dyrektywy 95\/46\/WE (Dz. Urz. UEL 119\/1 z 4.5.2016r.), dalej RODO, informujemy,&nbsp;\u017ce:<\/p>\n","protected":false},"author":2,"featured_media":0,"parent":0,"menu_order":0,"comment_status":"closed","ping_status":"closed","template":"","meta":{"inline_featured_image":false,"ngg_post_thumbnail":0,"footnotes":""},"class_list":["post-4542","page","type-page","status-publish","hentry","description-off"],"_links":{"self":[{"href":"https:\/\/www.mosir-ketrzyn.pl\/index.php\/wp-json\/wp\/v2\/pages\/4542","targetHints":{"allow":["GET"]}}],"collection":[{"href":"https:\/\/www.mosir-ketrzyn.pl\/index.php\/wp-json\/wp\/v2\/pages"}],"about":[{"href":"https:\/\/www.mosir-ketrzyn.pl\/index.php\/wp-json\/wp\/v2\/types\/page"}],"author":[{"embeddable":true,"href":"https:\/\/www.mosir-ketrzyn.pl\/index.php\/wp-json\/wp\/v2\/users\/2"}],"replies":[{"embeddable":true,"href":"https:\/\/www.mosir-ketrzyn.pl\/index.php\/wp-json\/wp\/v2\/comments?post=4542"}],"version-history":[{"count":14,"href":"https:\/\/www.mosir-ketrzyn.pl\/index.php\/wp-json\/wp\/v2\/pages\/4542\/revisions"}],"predecessor-version":[{"id":36013,"href":"https:\/\/www.mosir-ketrzyn.pl\/index.php\/wp-json\/wp\/v2\/pages\/4542\/revisions\/36013"}],"wp:attachment":[{"href":"https:\/\/www.mosir-ketrzyn.pl\/index.php\/wp-json\/wp\/v2\/media?parent=4542"}],"curies":[{"name":"wp","href":"https:\/\/api.w.org\/{rel}","templated":true}]}}